{"id":48,"date":"2018-07-21T11:47:41","date_gmt":"2018-07-21T09:47:41","guid":{"rendered":"http:\/\/serwer1378751.home.pl\/erkon\/?page_id=48"},"modified":"2025-07-26T08:17:46","modified_gmt":"2025-07-26T06:17:46","slug":"kontakt","status":"publish","type":"page","link":"https:\/\/erkon.info.pl\/index.php\/kontakt\/","title":{"rendered":"Kontakt"},"content":{"rendered":"<p><b>PHU ERKON Ernest Wr\u00f3blewski<\/b><\/p>\n<p>ul. Le\u015bnicz\u00f3wka 40<br \/>\n24-320 Poniatowa<\/p>\n<p>NIP:717-107-69-30<\/p>\n<p>tel: +48 605 910 667<\/p>\n<p>email: <a href=\"mailto:erkon@tlen.pl\">erkon@tlen.pl<\/a><\/p>\n<p>lub prosz\u0119 o wiadomo\u015b\u0107 przez formularz:<\/p>\n\n<div class=\"wpcf7 no-js\" id=\"wpcf7-f19-o1\" lang=\"pl-PL\" dir=\"ltr\" data-wpcf7-id=\"19\">\n<div class=\"screen-reader-response\"><p role=\"status\" aria-live=\"polite\" aria-atomic=\"true\"><\/p> <ul><\/ul><\/div>\n<form action=\"\/index.php\/wp-json\/wp\/v2\/pages\/48#wpcf7-f19-o1\" method=\"post\" class=\"wpcf7-form init\" aria-label=\"Formularz kontaktowy\" novalidate=\"novalidate\" data-status=\"init\">\n<fieldset class=\"hidden-fields-container\"><input type=\"hidden\" name=\"_wpcf7\" value=\"19\" \/><input type=\"hidden\" name=\"_wpcf7_version\" value=\"6.1\" \/><input type=\"hidden\" name=\"_wpcf7_locale\" value=\"pl_PL\" \/><input type=\"hidden\" name=\"_wpcf7_unit_tag\" value=\"wpcf7-f19-o1\" \/><input type=\"hidden\" name=\"_wpcf7_container_post\" value=\"0\" \/><input type=\"hidden\" name=\"_wpcf7_posted_data_hash\" value=\"\" \/>\n<\/fieldset>\n<p><label> Imi\u0119 i nazwisko (wymagane)<br \/>\n<span class=\"wpcf7-form-control-wrap\" data-name=\"your-name\"><input size=\"40\" maxlength=\"400\" class=\"wpcf7-form-control wpcf7-text wpcf7-validates-as-required\" aria-required=\"true\" aria-invalid=\"false\" value=\"\" type=\"text\" name=\"your-name\" \/><\/span> <\/label>\n<\/p>\n<p><label> Adres email (wymagane)<br \/>\n<span class=\"wpcf7-form-control-wrap\" data-name=\"your-email\"><input size=\"40\" maxlength=\"400\" class=\"wpcf7-form-control wpcf7-email wpcf7-validates-as-required wpcf7-text wpcf7-validates-as-email\" aria-required=\"true\" aria-invalid=\"false\" value=\"\" type=\"email\" name=\"your-email\" \/><\/span> <\/label>\n<\/p>\n<p><label> Temat<br \/>\n<span class=\"wpcf7-form-control-wrap\" data-name=\"your-subject\"><input size=\"40\" maxlength=\"400\" class=\"wpcf7-form-control wpcf7-text\" aria-invalid=\"false\" value=\"\" type=\"text\" name=\"your-subject\" \/><\/span> <\/label>\n<\/p>\n<p><label> Tre\u015b\u0107 wiadomo\u015bci<br \/>\n<span class=\"wpcf7-form-control-wrap\" data-name=\"your-message\"><textarea cols=\"40\" rows=\"10\" maxlength=\"2000\" class=\"wpcf7-form-control wpcf7-textarea\" aria-invalid=\"false\" name=\"your-message\"><\/textarea><\/span> <\/label>\n<\/p>\n<p><input class=\"wpcf7-form-control wpcf7-submit has-spinner\" type=\"submit\" value=\"Wy\u015blij\" \/>\n<\/p><div class=\"wpcf7-response-output\" aria-hidden=\"true\"><\/div>\n<\/form>\n<\/div>\n\n","protected":false},"excerpt":{"rendered":"<p>PHU ERKON Ernest Wr\u00f3blewski ul. Le\u015bnicz\u00f3wka 40 24-320 Poniatowa NIP:717-107-69-30 tel: +48 605 910 667 email: erkon@tlen.pl lub prosz\u0119 o wiadomo\u015b\u0107 przez formularz:<\/p>\n","protected":false},"author":1,"featured_media":0,"parent":0,"menu_order":0,"comment_status":"closed","ping_status":"closed","template":"","meta":{"footnotes":""},"class_list":["post-48","page","type-page","status-publish","hentry"],"yoast_head":"<!-- This site is optimized with the Yoast SEO plugin v26.3 - https:\/\/yoast.com\/wordpress\/plugins\/seo\/ -->\n<title>Kontakt - ERKON Budowa dom\u00f3w<\/title>\n<meta name=\"robots\" content=\"index, follow, max-snippet:-1, max-image-preview:large, max-video-preview:-1\" \/>\n<link rel=\"canonical\" href=\"https:\/\/erkon.info.pl\/index.php\/kontakt\/\" \/>\n<meta property=\"og:locale\" content=\"pl_PL\" \/>\n<meta property=\"og:type\" content=\"article\" \/>\n<meta property=\"og:title\" content=\"Kontakt - ERKON Budowa dom\u00f3w\" \/>\n<meta property=\"og:description\" content=\"PHU ERKON Ernest Wr\u00f3blewski ul. Le\u015bnicz\u00f3wka 40 24-320 Poniatowa NIP:717-107-69-30 tel: +48 605 910 667 email: erkon@tlen.pl lub prosz\u0119 o wiadomo\u015b\u0107 przez formularz:\" \/>\n<meta property=\"og:url\" content=\"https:\/\/erkon.info.pl\/index.php\/kontakt\/\" \/>\n<meta property=\"og:site_name\" content=\"ERKON Budowa dom\u00f3w\" \/>\n<meta property=\"article:modified_time\" content=\"2025-07-26T06:17:46+00:00\" \/>\n<meta name=\"twitter:card\" content=\"summary_large_image\" \/>\n<script type=\"application\/ld+json\" class=\"yoast-schema-graph\">{\"@context\":\"https:\/\/schema.org\",\"@graph\":[{\"@type\":\"WebPage\",\"@id\":\"https:\/\/erkon.info.pl\/index.php\/kontakt\/\",\"url\":\"https:\/\/erkon.info.pl\/index.php\/kontakt\/\",\"name\":\"Kontakt - ERKON Budowa dom\u00f3w\",\"isPartOf\":{\"@id\":\"https:\/\/erkon.info.pl\/#website\"},\"datePublished\":\"2018-07-21T09:47:41+00:00\",\"dateModified\":\"2025-07-26T06:17:46+00:00\",\"breadcrumb\":{\"@id\":\"https:\/\/erkon.info.pl\/index.php\/kontakt\/#breadcrumb\"},\"inLanguage\":\"pl-PL\",\"potentialAction\":[{\"@type\":\"ReadAction\",\"target\":[\"https:\/\/erkon.info.pl\/index.php\/kontakt\/\"]}]},{\"@type\":\"BreadcrumbList\",\"@id\":\"https:\/\/erkon.info.pl\/index.php\/kontakt\/#breadcrumb\",\"itemListElement\":[{\"@type\":\"ListItem\",\"position\":1,\"name\":\"Strona g\u0142\u00f3wna\",\"item\":\"https:\/\/erkon.info.pl\/\"},{\"@type\":\"ListItem\",\"position\":2,\"name\":\"Kontakt\"}]},{\"@type\":\"WebSite\",\"@id\":\"https:\/\/erkon.info.pl\/#website\",\"url\":\"https:\/\/erkon.info.pl\/\",\"name\":\"ERKON Budowa dom\u00f3w\",\"description\":\"Budujemy domy do stanu surowego zamkni\u0119tego, stanu deweloperskiego.\",\"publisher\":{\"@id\":\"https:\/\/erkon.info.pl\/#organization\"},\"potentialAction\":[{\"@type\":\"SearchAction\",\"target\":{\"@type\":\"EntryPoint\",\"urlTemplate\":\"https:\/\/erkon.info.pl\/?s={search_term_string}\"},\"query-input\":{\"@type\":\"PropertyValueSpecification\",\"valueRequired\":true,\"valueName\":\"search_term_string\"}}],\"inLanguage\":\"pl-PL\"},{\"@type\":\"Organization\",\"@id\":\"https:\/\/erkon.info.pl\/#organization\",\"name\":\"ERKON Budowa dom\u00f3w\",\"url\":\"https:\/\/erkon.info.pl\/\",\"logo\":{\"@type\":\"ImageObject\",\"inLanguage\":\"pl-PL\",\"@id\":\"https:\/\/erkon.info.pl\/#\/schema\/logo\/image\/\",\"url\":\"https:\/\/erkon.info.pl\/wp-content\/uploads\/2018\/07\/cropped-logo-1.png\",\"contentUrl\":\"https:\/\/erkon.info.pl\/wp-content\/uploads\/2018\/07\/cropped-logo-1.png\",\"width\":131,\"height\":75,\"caption\":\"ERKON Budowa dom\u00f3w\"},\"image\":{\"@id\":\"https:\/\/erkon.info.pl\/#\/schema\/logo\/image\/\"}}]}<\/script>\n<!-- \/ Yoast SEO plugin. -->","yoast_head_json":{"title":"Kontakt - ERKON Budowa dom\u00f3w","robots":{"index":"index","follow":"follow","max-snippet":"max-snippet:-1","max-image-preview":"max-image-preview:large","max-video-preview":"max-video-preview:-1"},"canonical":"https:\/\/erkon.info.pl\/index.php\/kontakt\/","og_locale":"pl_PL","og_type":"article","og_title":"Kontakt - ERKON Budowa dom\u00f3w","og_description":"PHU ERKON Ernest Wr\u00f3blewski ul. Le\u015bnicz\u00f3wka 40 24-320 Poniatowa NIP:717-107-69-30 tel: +48 605 910 667 email: erkon@tlen.pl lub prosz\u0119 o wiadomo\u015b\u0107 przez formularz:","og_url":"https:\/\/erkon.info.pl\/index.php\/kontakt\/","og_site_name":"ERKON Budowa dom\u00f3w","article_modified_time":"2025-07-26T06:17:46+00:00","twitter_card":"summary_large_image","schema":{"@context":"https:\/\/schema.org","@graph":[{"@type":"WebPage","@id":"https:\/\/erkon.info.pl\/index.php\/kontakt\/","url":"https:\/\/erkon.info.pl\/index.php\/kontakt\/","name":"Kontakt - ERKON Budowa dom\u00f3w","isPartOf":{"@id":"https:\/\/erkon.info.pl\/#website"},"datePublished":"2018-07-21T09:47:41+00:00","dateModified":"2025-07-26T06:17:46+00:00","breadcrumb":{"@id":"https:\/\/erkon.info.pl\/index.php\/kontakt\/#breadcrumb"},"inLanguage":"pl-PL","potentialAction":[{"@type":"ReadAction","target":["https:\/\/erkon.info.pl\/index.php\/kontakt\/"]}]},{"@type":"BreadcrumbList","@id":"https:\/\/erkon.info.pl\/index.php\/kontakt\/#breadcrumb","itemListElement":[{"@type":"ListItem","position":1,"name":"Strona g\u0142\u00f3wna","item":"https:\/\/erkon.info.pl\/"},{"@type":"ListItem","position":2,"name":"Kontakt"}]},{"@type":"WebSite","@id":"https:\/\/erkon.info.pl\/#website","url":"https:\/\/erkon.info.pl\/","name":"ERKON Budowa dom\u00f3w","description":"Budujemy domy do stanu surowego zamkni\u0119tego, stanu deweloperskiego.","publisher":{"@id":"https:\/\/erkon.info.pl\/#organization"},"potentialAction":[{"@type":"SearchAction","target":{"@type":"EntryPoint","urlTemplate":"https:\/\/erkon.info.pl\/?s={search_term_string}"},"query-input":{"@type":"PropertyValueSpecification","valueRequired":true,"valueName":"search_term_string"}}],"inLanguage":"pl-PL"},{"@type":"Organization","@id":"https:\/\/erkon.info.pl\/#organization","name":"ERKON Budowa dom\u00f3w","url":"https:\/\/erkon.info.pl\/","logo":{"@type":"ImageObject","inLanguage":"pl-PL","@id":"https:\/\/erkon.info.pl\/#\/schema\/logo\/image\/","url":"https:\/\/erkon.info.pl\/wp-content\/uploads\/2018\/07\/cropped-logo-1.png","contentUrl":"https:\/\/erkon.info.pl\/wp-content\/uploads\/2018\/07\/cropped-logo-1.png","width":131,"height":75,"caption":"ERKON Budowa dom\u00f3w"},"image":{"@id":"https:\/\/erkon.info.pl\/#\/schema\/logo\/image\/"}}]}},"_links":{"self":[{"href":"https:\/\/erkon.info.pl\/index.php\/wp-json\/wp\/v2\/pages\/48","targetHints":{"allow":["GET"]}}],"collection":[{"href":"https:\/\/erkon.info.pl\/index.php\/wp-json\/wp\/v2\/pages"}],"about":[{"href":"https:\/\/erkon.info.pl\/index.php\/wp-json\/wp\/v2\/types\/page"}],"author":[{"embeddable":true,"href":"https:\/\/erkon.info.pl\/index.php\/wp-json\/wp\/v2\/users\/1"}],"replies":[{"embeddable":true,"href":"https:\/\/erkon.info.pl\/index.php\/wp-json\/wp\/v2\/comments?post=48"}],"version-history":[{"count":9,"href":"https:\/\/erkon.info.pl\/index.php\/wp-json\/wp\/v2\/pages\/48\/revisions"}],"predecessor-version":[{"id":203,"href":"https:\/\/erkon.info.pl\/index.php\/wp-json\/wp\/v2\/pages\/48\/revisions\/203"}],"wp:attachment":[{"href":"https:\/\/erkon.info.pl\/index.php\/wp-json\/wp\/v2\/media?parent=48"}],"curies":[{"name":"wp","href":"https:\/\/api.w.org\/{rel}","templated":true}]}}