{"id":20,"date":"2018-07-18T14:36:57","date_gmt":"2018-07-18T12:36:57","guid":{"rendered":"http:\/\/serwer1378751.home.pl\/erkon\/index.php\/front-page\/"},"modified":"2018-07-18T15:00:30","modified_gmt":"2018-07-18T13:00:30","slug":"front-page","status":"publish","type":"page","link":"https:\/\/erkon.info.pl\/","title":{"rendered":"Strona g\u0142\u00f3wna"},"content":{"rendered":"","protected":false},"excerpt":{"rendered":"","protected":false},"author":1,"featured_media":0,"parent":0,"menu_order":0,"comment_status":"closed","ping_status":"closed","template":"","meta":{"footnotes":""},"class_list":["post-20","page","type-page","status-publish","hentry"],"yoast_head":"<!-- This site is optimized with the Yoast SEO plugin v26.3 - https:\/\/yoast.com\/wordpress\/plugins\/seo\/ -->\n<title>Strona g\u0142\u00f3wna - ERKON Budowa dom\u00f3w<\/title>\n<meta name=\"robots\" content=\"index, follow, max-snippet:-1, max-image-preview:large, max-video-preview:-1\" \/>\n<link rel=\"canonical\" href=\"https:\/\/erkon.info.pl\/\" \/>\n<meta property=\"og:locale\" content=\"pl_PL\" \/>\n<meta property=\"og:type\" content=\"article\" \/>\n<meta property=\"og:title\" content=\"Strona g\u0142\u00f3wna - ERKON Budowa dom\u00f3w\" \/>\n<meta property=\"og:url\" content=\"https:\/\/erkon.info.pl\/\" \/>\n<meta property=\"og:site_name\" content=\"ERKON Budowa dom\u00f3w\" \/>\n<meta property=\"article:modified_time\" content=\"2018-07-18T13:00:30+00:00\" \/>\n<meta name=\"twitter:card\" content=\"summary_large_image\" \/>\n<script type=\"application\/ld+json\" class=\"yoast-schema-graph\">{\"@context\":\"https:\/\/schema.org\",\"@graph\":[{\"@type\":\"WebPage\",\"@id\":\"https:\/\/erkon.info.pl\/\",\"url\":\"https:\/\/erkon.info.pl\/\",\"name\":\"Strona g\u0142\u00f3wna - ERKON Budowa dom\u00f3w\",\"isPartOf\":{\"@id\":\"https:\/\/erkon.info.pl\/#website\"},\"datePublished\":\"2018-07-18T12:36:57+00:00\",\"dateModified\":\"2018-07-18T13:00:30+00:00\",\"breadcrumb\":{\"@id\":\"https:\/\/erkon.info.pl\/#breadcrumb\"},\"inLanguage\":\"pl-PL\",\"potentialAction\":[{\"@type\":\"ReadAction\",\"target\":[\"https:\/\/erkon.info.pl\/\"]}]},{\"@type\":\"BreadcrumbList\",\"@id\":\"https:\/\/erkon.info.pl\/#breadcrumb\",\"itemListElement\":[{\"@type\":\"ListItem\",\"position\":1,\"name\":\"Strona g\u0142\u00f3wna\",\"item\":\"https:\/\/erkon.info.pl\/\"},{\"@type\":\"ListItem\",\"position\":2,\"name\":\"Strona g\u0142\u00f3wna\"}]},{\"@type\":\"WebSite\",\"@id\":\"https:\/\/erkon.info.pl\/#website\",\"url\":\"https:\/\/erkon.info.pl\/\",\"name\":\"ERKON Budowa dom\u00f3w\",\"description\":\"Budujemy domy do stanu surowego zamkni\u0119tego, stanu deweloperskiego.\",\"publisher\":{\"@id\":\"https:\/\/erkon.info.pl\/#organization\"},\"potentialAction\":[{\"@type\":\"SearchAction\",\"target\":{\"@type\":\"EntryPoint\",\"urlTemplate\":\"https:\/\/erkon.info.pl\/?s={search_term_string}\"},\"query-input\":{\"@type\":\"PropertyValueSpecification\",\"valueRequired\":true,\"valueName\":\"search_term_string\"}}],\"inLanguage\":\"pl-PL\"},{\"@type\":\"Organization\",\"@id\":\"https:\/\/erkon.info.pl\/#organization\",\"name\":\"ERKON Budowa dom\u00f3w\",\"url\":\"https:\/\/erkon.info.pl\/\",\"logo\":{\"@type\":\"ImageObject\",\"inLanguage\":\"pl-PL\",\"@id\":\"https:\/\/erkon.info.pl\/#\/schema\/logo\/image\/\",\"url\":\"https:\/\/erkon.info.pl\/wp-content\/uploads\/2018\/07\/cropped-logo-1.png\",\"contentUrl\":\"https:\/\/erkon.info.pl\/wp-content\/uploads\/2018\/07\/cropped-logo-1.png\",\"width\":131,\"height\":75,\"caption\":\"ERKON Budowa dom\u00f3w\"},\"image\":{\"@id\":\"https:\/\/erkon.info.pl\/#\/schema\/logo\/image\/\"}}]}<\/script>\n<!-- \/ Yoast SEO plugin. -->","yoast_head_json":{"title":"Strona g\u0142\u00f3wna - ERKON Budowa dom\u00f3w","robots":{"index":"index","follow":"follow","max-snippet":"max-snippet:-1","max-image-preview":"max-image-preview:large","max-video-preview":"max-video-preview:-1"},"canonical":"https:\/\/erkon.info.pl\/","og_locale":"pl_PL","og_type":"article","og_title":"Strona g\u0142\u00f3wna - ERKON Budowa dom\u00f3w","og_url":"https:\/\/erkon.info.pl\/","og_site_name":"ERKON Budowa dom\u00f3w","article_modified_time":"2018-07-18T13:00:30+00:00","twitter_card":"summary_large_image","schema":{"@context":"https:\/\/schema.org","@graph":[{"@type":"WebPage","@id":"https:\/\/erkon.info.pl\/","url":"https:\/\/erkon.info.pl\/","name":"Strona g\u0142\u00f3wna - ERKON Budowa dom\u00f3w","isPartOf":{"@id":"https:\/\/erkon.info.pl\/#website"},"datePublished":"2018-07-18T12:36:57+00:00","dateModified":"2018-07-18T13:00:30+00:00","breadcrumb":{"@id":"https:\/\/erkon.info.pl\/#breadcrumb"},"inLanguage":"pl-PL","potentialAction":[{"@type":"ReadAction","target":["https:\/\/erkon.info.pl\/"]}]},{"@type":"BreadcrumbList","@id":"https:\/\/erkon.info.pl\/#breadcrumb","itemListElement":[{"@type":"ListItem","position":1,"name":"Strona g\u0142\u00f3wna","item":"https:\/\/erkon.info.pl\/"},{"@type":"ListItem","position":2,"name":"Strona g\u0142\u00f3wna"}]},{"@type":"WebSite","@id":"https:\/\/erkon.info.pl\/#website","url":"https:\/\/erkon.info.pl\/","name":"ERKON Budowa dom\u00f3w","description":"Budujemy domy do stanu surowego zamkni\u0119tego, stanu deweloperskiego.","publisher":{"@id":"https:\/\/erkon.info.pl\/#organization"},"potentialAction":[{"@type":"SearchAction","target":{"@type":"EntryPoint","urlTemplate":"https:\/\/erkon.info.pl\/?s={search_term_string}"},"query-input":{"@type":"PropertyValueSpecification","valueRequired":true,"valueName":"search_term_string"}}],"inLanguage":"pl-PL"},{"@type":"Organization","@id":"https:\/\/erkon.info.pl\/#organization","name":"ERKON Budowa dom\u00f3w","url":"https:\/\/erkon.info.pl\/","logo":{"@type":"ImageObject","inLanguage":"pl-PL","@id":"https:\/\/erkon.info.pl\/#\/schema\/logo\/image\/","url":"https:\/\/erkon.info.pl\/wp-content\/uploads\/2018\/07\/cropped-logo-1.png","contentUrl":"https:\/\/erkon.info.pl\/wp-content\/uploads\/2018\/07\/cropped-logo-1.png","width":131,"height":75,"caption":"ERKON Budowa dom\u00f3w"},"image":{"@id":"https:\/\/erkon.info.pl\/#\/schema\/logo\/image\/"}}]}},"_links":{"self":[{"href":"https:\/\/erkon.info.pl\/index.php\/wp-json\/wp\/v2\/pages\/20","targetHints":{"allow":["GET"]}}],"collection":[{"href":"https:\/\/erkon.info.pl\/index.php\/wp-json\/wp\/v2\/pages"}],"about":[{"href":"https:\/\/erkon.info.pl\/index.php\/wp-json\/wp\/v2\/types\/page"}],"author":[{"embeddable":true,"href":"https:\/\/erkon.info.pl\/index.php\/wp-json\/wp\/v2\/users\/1"}],"replies":[{"embeddable":true,"href":"https:\/\/erkon.info.pl\/index.php\/wp-json\/wp\/v2\/comments?post=20"}],"version-history":[{"count":1,"href":"https:\/\/erkon.info.pl\/index.php\/wp-json\/wp\/v2\/pages\/20\/revisions"}],"predecessor-version":[{"id":39,"href":"https:\/\/erkon.info.pl\/index.php\/wp-json\/wp\/v2\/pages\/20\/revisions\/39"}],"wp:attachment":[{"href":"https:\/\/erkon.info.pl\/index.php\/wp-json\/wp\/v2\/media?parent=20"}],"curies":[{"name":"wp","href":"https:\/\/api.w.org\/{rel}","templated":true}]}}