{"id":2,"date":"2018-07-18T14:04:49","date_gmt":"2018-07-18T12:04:49","guid":{"rendered":"http:\/\/serwer1378751.home.pl\/erkon\/?page_id=2"},"modified":"2018-07-18T14:56:16","modified_gmt":"2018-07-18T12:56:16","slug":"onas","status":"publish","type":"page","link":"https:\/\/erkon.info.pl\/index.php\/onas\/","title":{"rendered":"O nas"},"content":{"rendered":"<p style=\"text-align: left;\"><strong>Zamierzasz wybudowa\u0107 dom, lecz nie masz czasu? Nie ma problemu! My wybudujemy za Ciebie.<\/strong><\/p>\n<p style=\"text-align: left;\"><strong>Przeka\u017c nam projekt, my adaptujemy go do Twoich potrzeb, uzyskamy niezb\u0119dne decyzje, uzgodnienia i pozwolenia, a na koniec wybudujemy dom Twoich marze\u0144.<\/strong><\/p>\n<p style=\"text-align: left;\"><strong>Zapewniamy projektant\u00f3w, doskona\u0142ych wykonawc\u00f3w i udzia\u0142 w procedurze odbiorowej, a\u017c do Twojego zamieszkania.<\/strong><\/p>\n<p style=\"text-align: left;\"><strong>Budowa Twojego domu jest pod nasz\u0105 opiek\u0105 od momentu przekazania nam projektu domu, kt\u00f3ry Tobie si\u0119 podoba, a\u017c do zamieszkania w nim.<\/strong><\/p>\n<p style=\"text-align: left;\"><strong>Nie musisz zatrudnia\u0107 geodet\u00f3w i kierownik\u00f3w budowy b\u0105d\u017a rob\u00f3t. To wszystko zapewniamy my.<\/strong><\/p>\n<p><img loading=\"lazy\" decoding=\"async\" class=\"size-large wp-image-23 aligncenter\" src=\"http:\/\/serwer1378751.home.pl\/erkon\/wp-content\/uploads\/2018\/07\/KopiaDSC03717-1024x686.jpg\" alt=\"\" width=\"640\" height=\"429\" srcset=\"https:\/\/erkon.info.pl\/wp-content\/uploads\/2018\/07\/KopiaDSC03717-1024x686.jpg 1024w, https:\/\/erkon.info.pl\/wp-content\/uploads\/2018\/07\/KopiaDSC03717-300x201.jpg 300w, https:\/\/erkon.info.pl\/wp-content\/uploads\/2018\/07\/KopiaDSC03717-768x515.jpg 768w, https:\/\/erkon.info.pl\/wp-content\/uploads\/2018\/07\/KopiaDSC03717.jpg 1200w\" sizes=\"auto, (max-width: 640px) 100vw, 640px\" \/><\/p>\n<div><\/div>\n<div><strong>Domy jednorodzinne budujemy wed\u0142ug projektu, zgodnie z obowi\u0105zuj\u0105cym prawem budowlanym. Ponad pi\u0119tnastoletnia dzia\u0142alno\u015b\u0107 w bran\u017cy budowlanej i wsp\u00f3\u0142praca z hurtowniami materia\u0142\u00f3w budowlanych pozwala nam na zaoferowanie naszym klientom materia\u0142\u00f3w w cenie ni\u017cszej ni\u017c ceny producent\u00f3w.<\/strong><\/div>\n<div>\n<p><strong>Gwarantujemy:<\/strong><\/p>\n<ol start=\"1\" type=\"1\">\n<li style=\"list-style-type: none;\">\n<ul type=\"circle\">\n<li><strong>profesjonaln\u0105 kadr\u0119 robotnicz\u0105 i kierownicz\u0105<\/strong><\/li>\n<li><strong>rozliczenie dopiero po zako\u0144czonym etapie pracy (fundamenty, stropy itp.)<\/strong><\/li>\n<li><strong>bezp\u0142atne doradztwo w zakresie zmian technologicznych wp\u0142ywaj\u0105cych na jako\u015b\u0107 budynk\u00f3w i obni\u017ck\u0119 koszt\u00f3w budowy<\/strong><\/li>\n<li><strong>elastyczno\u015b\u0107 wobec indywidualnych \u017cycze\u0144 klienta<\/strong><\/li>\n<li><strong>3 letni\u0105 gwarancj\u0119 na wszelkie wykonywane roboty budowlane<\/strong><\/li>\n<\/ul>\n<\/li>\n<\/ol>\n<\/div>\n<div>\n<div>\n<div><strong>Dzi\u0119ki naszej firmie,\u00a0buduj\u0105c dom, mo\u017cesz zaoszcz\u0119dzi\u0107 15 % na zakupie materia\u0142\u00f3w,\u00a0p\u0142ac\u0105c za us\u0142ug\u0119 8% VAT, a nie 23%.<\/strong><\/div>\n<div><\/div>\n<div><strong>To du\u017ca oszcz\u0119dno\u015b\u0107, a bior\u0105c pod uwag\u0119 ca\u0142e zamieszanie towarzysz\u0105ce budowie domu metod\u0105 gospodarcz\u0105, koszt zatrudnienia naszej firmy jest por\u00f3wnywalny z kosztem jaki poniesiesz buduj\u0105c dom sam.<\/strong><\/div>\n<\/div>\n<\/div>\n","protected":false},"excerpt":{"rendered":"<p>Zamierzasz wybudowa\u0107 dom, lecz nie masz czasu? Nie ma problemu! My wybudujemy za Ciebie. Przeka\u017c nam projekt, my adaptujemy go do Twoich potrzeb, uzyskamy niezb\u0119dne decyzje, uzgodnienia i pozwolenia, a na koniec wybudujemy dom Twoich marze\u0144. Zapewniamy projektant\u00f3w, doskona\u0142ych wykonawc\u00f3w i udzia\u0142 w procedurze odbiorowej, a\u017c do Twojego zamieszkania. Budowa Twojego domu jest pod nasz\u0105 [&hellip;]<\/p>\n","protected":false},"author":1,"featured_media":0,"parent":0,"menu_order":0,"comment_status":"closed","ping_status":"open","template":"","meta":{"footnotes":""},"class_list":["post-2","page","type-page","status-publish","hentry"],"yoast_head":"<!-- This site is optimized with the Yoast SEO plugin v26.3 - https:\/\/yoast.com\/wordpress\/plugins\/seo\/ -->\n<title>O nas - ERKON Budowa dom\u00f3w<\/title>\n<meta name=\"robots\" content=\"index, follow, max-snippet:-1, max-image-preview:large, max-video-preview:-1\" \/>\n<link rel=\"canonical\" href=\"https:\/\/erkon.info.pl\/index.php\/onas\/\" \/>\n<meta property=\"og:locale\" content=\"pl_PL\" \/>\n<meta property=\"og:type\" content=\"article\" \/>\n<meta property=\"og:title\" content=\"O nas - ERKON Budowa dom\u00f3w\" \/>\n<meta property=\"og:description\" content=\"Zamierzasz wybudowa\u0107 dom, lecz nie masz czasu? Nie ma problemu! My wybudujemy za Ciebie. Przeka\u017c nam projekt, my adaptujemy go do Twoich potrzeb, uzyskamy niezb\u0119dne decyzje, uzgodnienia i pozwolenia, a na koniec wybudujemy dom Twoich marze\u0144. Zapewniamy projektant\u00f3w, doskona\u0142ych wykonawc\u00f3w i udzia\u0142 w procedurze odbiorowej, a\u017c do Twojego zamieszkania. Budowa Twojego domu jest pod nasz\u0105 [&hellip;]\" \/>\n<meta property=\"og:url\" content=\"https:\/\/erkon.info.pl\/index.php\/onas\/\" \/>\n<meta property=\"og:site_name\" content=\"ERKON Budowa dom\u00f3w\" \/>\n<meta property=\"article:modified_time\" content=\"2018-07-18T12:56:16+00:00\" \/>\n<meta property=\"og:image\" content=\"https:\/\/erkon.info.pl\/wp-content\/uploads\/2018\/07\/KopiaDSC03717.jpg\" \/>\n\t<meta property=\"og:image:width\" content=\"1200\" \/>\n\t<meta property=\"og:image:height\" content=\"804\" \/>\n\t<meta property=\"og:image:type\" content=\"image\/jpeg\" \/>\n<meta name=\"twitter:card\" content=\"summary_large_image\" \/>\n<meta name=\"twitter:label1\" content=\"Szacowany czas czytania\" \/>\n\t<meta name=\"twitter:data1\" content=\"1 minuta\" \/>\n<script type=\"application\/ld+json\" class=\"yoast-schema-graph\">{\"@context\":\"https:\/\/schema.org\",\"@graph\":[{\"@type\":\"WebPage\",\"@id\":\"https:\/\/erkon.info.pl\/index.php\/onas\/\",\"url\":\"https:\/\/erkon.info.pl\/index.php\/onas\/\",\"name\":\"O nas - ERKON Budowa dom\u00f3w\",\"isPartOf\":{\"@id\":\"https:\/\/erkon.info.pl\/#website\"},\"primaryImageOfPage\":{\"@id\":\"https:\/\/erkon.info.pl\/index.php\/onas\/#primaryimage\"},\"image\":{\"@id\":\"https:\/\/erkon.info.pl\/index.php\/onas\/#primaryimage\"},\"thumbnailUrl\":\"http:\/\/serwer1378751.home.pl\/erkon\/wp-content\/uploads\/2018\/07\/KopiaDSC03717-1024x686.jpg\",\"datePublished\":\"2018-07-18T12:04:49+00:00\",\"dateModified\":\"2018-07-18T12:56:16+00:00\",\"breadcrumb\":{\"@id\":\"https:\/\/erkon.info.pl\/index.php\/onas\/#breadcrumb\"},\"inLanguage\":\"pl-PL\",\"potentialAction\":[{\"@type\":\"ReadAction\",\"target\":[\"https:\/\/erkon.info.pl\/index.php\/onas\/\"]}]},{\"@type\":\"ImageObject\",\"inLanguage\":\"pl-PL\",\"@id\":\"https:\/\/erkon.info.pl\/index.php\/onas\/#primaryimage\",\"url\":\"http:\/\/serwer1378751.home.pl\/erkon\/wp-content\/uploads\/2018\/07\/KopiaDSC03717-1024x686.jpg\",\"contentUrl\":\"http:\/\/serwer1378751.home.pl\/erkon\/wp-content\/uploads\/2018\/07\/KopiaDSC03717-1024x686.jpg\"},{\"@type\":\"BreadcrumbList\",\"@id\":\"https:\/\/erkon.info.pl\/index.php\/onas\/#breadcrumb\",\"itemListElement\":[{\"@type\":\"ListItem\",\"position\":1,\"name\":\"Strona g\u0142\u00f3wna\",\"item\":\"https:\/\/erkon.info.pl\/\"},{\"@type\":\"ListItem\",\"position\":2,\"name\":\"O nas\"}]},{\"@type\":\"WebSite\",\"@id\":\"https:\/\/erkon.info.pl\/#website\",\"url\":\"https:\/\/erkon.info.pl\/\",\"name\":\"ERKON Budowa dom\u00f3w\",\"description\":\"Budujemy domy do stanu surowego zamkni\u0119tego, stanu deweloperskiego.\",\"publisher\":{\"@id\":\"https:\/\/erkon.info.pl\/#organization\"},\"potentialAction\":[{\"@type\":\"SearchAction\",\"target\":{\"@type\":\"EntryPoint\",\"urlTemplate\":\"https:\/\/erkon.info.pl\/?s={search_term_string}\"},\"query-input\":{\"@type\":\"PropertyValueSpecification\",\"valueRequired\":true,\"valueName\":\"search_term_string\"}}],\"inLanguage\":\"pl-PL\"},{\"@type\":\"Organization\",\"@id\":\"https:\/\/erkon.info.pl\/#organization\",\"name\":\"ERKON Budowa dom\u00f3w\",\"url\":\"https:\/\/erkon.info.pl\/\",\"logo\":{\"@type\":\"ImageObject\",\"inLanguage\":\"pl-PL\",\"@id\":\"https:\/\/erkon.info.pl\/#\/schema\/logo\/image\/\",\"url\":\"https:\/\/erkon.info.pl\/wp-content\/uploads\/2018\/07\/cropped-logo-1.png\",\"contentUrl\":\"https:\/\/erkon.info.pl\/wp-content\/uploads\/2018\/07\/cropped-logo-1.png\",\"width\":131,\"height\":75,\"caption\":\"ERKON Budowa dom\u00f3w\"},\"image\":{\"@id\":\"https:\/\/erkon.info.pl\/#\/schema\/logo\/image\/\"}}]}<\/script>\n<!-- \/ Yoast SEO plugin. -->","yoast_head_json":{"title":"O nas - ERKON Budowa dom\u00f3w","robots":{"index":"index","follow":"follow","max-snippet":"max-snippet:-1","max-image-preview":"max-image-preview:large","max-video-preview":"max-video-preview:-1"},"canonical":"https:\/\/erkon.info.pl\/index.php\/onas\/","og_locale":"pl_PL","og_type":"article","og_title":"O nas - ERKON Budowa dom\u00f3w","og_description":"Zamierzasz wybudowa\u0107 dom, lecz nie masz czasu? Nie ma problemu! My wybudujemy za Ciebie. Przeka\u017c nam projekt, my adaptujemy go do Twoich potrzeb, uzyskamy niezb\u0119dne decyzje, uzgodnienia i pozwolenia, a na koniec wybudujemy dom Twoich marze\u0144. Zapewniamy projektant\u00f3w, doskona\u0142ych wykonawc\u00f3w i udzia\u0142 w procedurze odbiorowej, a\u017c do Twojego zamieszkania. Budowa Twojego domu jest pod nasz\u0105 [&hellip;]","og_url":"https:\/\/erkon.info.pl\/index.php\/onas\/","og_site_name":"ERKON Budowa dom\u00f3w","article_modified_time":"2018-07-18T12:56:16+00:00","og_image":[{"width":1200,"height":804,"url":"https:\/\/erkon.info.pl\/wp-content\/uploads\/2018\/07\/KopiaDSC03717.jpg","type":"image\/jpeg"}],"twitter_card":"summary_large_image","twitter_misc":{"Szacowany czas czytania":"1 minuta"},"schema":{"@context":"https:\/\/schema.org","@graph":[{"@type":"WebPage","@id":"https:\/\/erkon.info.pl\/index.php\/onas\/","url":"https:\/\/erkon.info.pl\/index.php\/onas\/","name":"O nas - ERKON Budowa dom\u00f3w","isPartOf":{"@id":"https:\/\/erkon.info.pl\/#website"},"primaryImageOfPage":{"@id":"https:\/\/erkon.info.pl\/index.php\/onas\/#primaryimage"},"image":{"@id":"https:\/\/erkon.info.pl\/index.php\/onas\/#primaryimage"},"thumbnailUrl":"http:\/\/serwer1378751.home.pl\/erkon\/wp-content\/uploads\/2018\/07\/KopiaDSC03717-1024x686.jpg","datePublished":"2018-07-18T12:04:49+00:00","dateModified":"2018-07-18T12:56:16+00:00","breadcrumb":{"@id":"https:\/\/erkon.info.pl\/index.php\/onas\/#breadcrumb"},"inLanguage":"pl-PL","potentialAction":[{"@type":"ReadAction","target":["https:\/\/erkon.info.pl\/index.php\/onas\/"]}]},{"@type":"ImageObject","inLanguage":"pl-PL","@id":"https:\/\/erkon.info.pl\/index.php\/onas\/#primaryimage","url":"http:\/\/serwer1378751.home.pl\/erkon\/wp-content\/uploads\/2018\/07\/KopiaDSC03717-1024x686.jpg","contentUrl":"http:\/\/serwer1378751.home.pl\/erkon\/wp-content\/uploads\/2018\/07\/KopiaDSC03717-1024x686.jpg"},{"@type":"BreadcrumbList","@id":"https:\/\/erkon.info.pl\/index.php\/onas\/#breadcrumb","itemListElement":[{"@type":"ListItem","position":1,"name":"Strona g\u0142\u00f3wna","item":"https:\/\/erkon.info.pl\/"},{"@type":"ListItem","position":2,"name":"O nas"}]},{"@type":"WebSite","@id":"https:\/\/erkon.info.pl\/#website","url":"https:\/\/erkon.info.pl\/","name":"ERKON Budowa dom\u00f3w","description":"Budujemy domy do stanu surowego zamkni\u0119tego, stanu deweloperskiego.","publisher":{"@id":"https:\/\/erkon.info.pl\/#organization"},"potentialAction":[{"@type":"SearchAction","target":{"@type":"EntryPoint","urlTemplate":"https:\/\/erkon.info.pl\/?s={search_term_string}"},"query-input":{"@type":"PropertyValueSpecification","valueRequired":true,"valueName":"search_term_string"}}],"inLanguage":"pl-PL"},{"@type":"Organization","@id":"https:\/\/erkon.info.pl\/#organization","name":"ERKON Budowa dom\u00f3w","url":"https:\/\/erkon.info.pl\/","logo":{"@type":"ImageObject","inLanguage":"pl-PL","@id":"https:\/\/erkon.info.pl\/#\/schema\/logo\/image\/","url":"https:\/\/erkon.info.pl\/wp-content\/uploads\/2018\/07\/cropped-logo-1.png","contentUrl":"https:\/\/erkon.info.pl\/wp-content\/uploads\/2018\/07\/cropped-logo-1.png","width":131,"height":75,"caption":"ERKON Budowa dom\u00f3w"},"image":{"@id":"https:\/\/erkon.info.pl\/#\/schema\/logo\/image\/"}}]}},"_links":{"self":[{"href":"https:\/\/erkon.info.pl\/index.php\/wp-json\/wp\/v2\/pages\/2","targetHints":{"allow":["GET"]}}],"collection":[{"href":"https:\/\/erkon.info.pl\/index.php\/wp-json\/wp\/v2\/pages"}],"about":[{"href":"https:\/\/erkon.info.pl\/index.php\/wp-json\/wp\/v2\/types\/page"}],"author":[{"embeddable":true,"href":"https:\/\/erkon.info.pl\/index.php\/wp-json\/wp\/v2\/users\/1"}],"replies":[{"embeddable":true,"href":"https:\/\/erkon.info.pl\/index.php\/wp-json\/wp\/v2\/comments?post=2"}],"version-history":[{"count":7,"href":"https:\/\/erkon.info.pl\/index.php\/wp-json\/wp\/v2\/pages\/2\/revisions"}],"predecessor-version":[{"id":35,"href":"https:\/\/erkon.info.pl\/index.php\/wp-json\/wp\/v2\/pages\/2\/revisions\/35"}],"wp:attachment":[{"href":"https:\/\/erkon.info.pl\/index.php\/wp-json\/wp\/v2\/media?parent=2"}],"curies":[{"name":"wp","href":"https:\/\/api.w.org\/{rel}","templated":true}]}}