{"id":192,"date":"2025-07-24T19:39:03","date_gmt":"2025-07-24T17:39:03","guid":{"rendered":"https:\/\/erkon.info.pl\/?page_id=192"},"modified":"2025-07-24T19:40:26","modified_gmt":"2025-07-24T17:40:26","slug":"swiadectwa-energetyczne","status":"publish","type":"page","link":"https:\/\/erkon.info.pl\/index.php\/swiadectwa-energetyczne\/","title":{"rendered":"\u015awiadectwa Energetyczne"},"content":{"rendered":"\n<h2 class=\"wp-block-heading has-large-font-size\"><strong>1. Co to jest \u015awiadectwo charakterystyki Energetycznej:<\/strong><\/h2>\n\n\n\n<p>\u015awiadectwo charakterystyki energetycznej (\u015aCE) to dokument, kt\u00f3ry okre\u015bla efektywno\u015b\u0107 energetyczn\u0105 budynku. Zawiera informacje o zapotrzebowaniu na energi\u0119 niezb\u0119dn\u0105 do ogrzewania, ch\u0142odzenia, wentylacji, przygotowania ciep\u0142ej wody u\u017cytkowej oraz o\u015bwietlenia. Dzi\u0119ki temu dokumentowi mo\u017cna oceni\u0107, czy budynek efektywnie wykorzystuje energi\u0119 i jakie s\u0105 potencjalne koszty eksploatacji.<\/p>\n\n\n\n<p>\u015awiadectwo jest obowi\u0105zkowe m.in. przy sprzeda\u017cy, wynajmie, a tak\u017ce po zako\u0144czeniu budowy domu lub oddaniu nowego mieszkania do u\u017cytku.&nbsp;<strong>Dokument ten pomaga por\u00f3wna\u0107&nbsp;<\/strong><strong>efektywno\u015b\u0107 energetyczn\u0105 budynku<\/strong><strong>&nbsp;z innymi nieruchomo\u015bciami i wspiera podejmowanie \u015bwiadomych decyzji przez inwestor\u00f3w i nabywc\u00f3w.<\/strong><\/p>\n\n\n\n<h2 class=\"wp-block-heading has-large-font-size\"><strong>2. Dlaczego warto jest zam\u00f3wi\u0107 \u015awiadectwo Charakterystyki Energetycznej w firmie \u201eERKON\u201d:<\/strong><\/h2>\n\n\n\n<p>\u015awiadectwa Charakterystyki Energetycznej wykonuj\u0119 osobi\u015bcie analizuj\u0105c ka\u017cdy lokal indywidualnie. Nie zatrudniam w tym celu os\u00f3b trzecich oraz osobi\u015bcie kontaktuj\u0119 si\u0119 z Klientem.<\/p>\n\n\n\n<p>Dlatego te\u017c Klient ma pewno\u015b\u0107, \u017ce \u015aCHE wykonane jest sumienie i rzetelnie, a w razie jakichkolwiek pyta\u0144, kontakt do firmy \u201eERKON\u201d jest szybki i bezproblemowy.<\/p>\n\n\n\n<p>Jestem wpisany do wykazu os\u00f3b uprawnionych do sporz\u0105dzania \u015bwiadectw charakterystyki energetycznej w Centralnym Rejestrze Charakterystyki.<\/p>\n\n\n\n<p>Posiadam uprawnienia do wykonywania \u015aCHE nr 21521.<\/p>\n\n\n\n<h2 class=\"wp-block-heading has-large-font-size\"><strong>3. Jak to wygl\u0105da:<\/strong><\/h2>\n\n\n\n<p>&#8211; kontaktujesz si\u0119 przez formularz, e-mail lub telefon,<\/p>\n\n\n\n<p>&#8211; w razie konieczno\u015bci oddzwaniam i zadaj\u0119 kilka podstawowych pyta\u0144<\/p>\n\n\n\n<p>&#8211; przesy\u0142am na Tw\u00f3j adres e-mailowy kr\u00f3tk\u0105 list\u0119 pyta\u0144, aby uzyska\u0144 dane niezb\u0119dne do wykonania \u015awiadectwa. W przypadku, gdy nie znasz odpowiedzi na wszystkie pytania, nie ma problemu, podaj mi nr kontaktowy do sp\u00f3\u0142dzielni lub zarz\u0105dcy, sam uzyskam pozosta\u0142e informacje,<\/p>\n\n\n\n<p>&#8211; po uzyskaniu wszystkich danych, w ci\u0105gu 24 h wykonuj\u0119 \u015bwiadectwo i przesy\u0142am je do Ciebie do wgl\u0105du,<\/p>\n\n\n\n<p>&#8211; po zaksi\u0119gowaniu p\u0142atno\u015bci od Ciebie, generuj\u0119 \u015bwiadectwo w centralnym rejestrze charakterystyki energetycznej budynku (jest to konieczne), podpisuj\u0119 je i w wersji PDF przesy\u0142am drog\u0105 e-mailow\u0105 do Ciebie. Tak wygenerowane i podpisane \u015awiadectwo jest pe\u0142nowarto\u015bciowym dokumentem uznawanym przez notariuszy.<\/p>\n\n\n\n<h2 class=\"wp-block-heading has-large-font-size\"><strong>4. Ile to kosztuje:<\/strong><\/h2>\n\n\n\n<p>&#8211; \u015awiadectwo Charakterystyki Energetycznej dla lokalu mieszkalnego \u2013 179 z\u0142 brutto<\/p>\n\n\n\n<p>&#8211; \u015awiadectwo Charakterystyki Energetycznej dla domu jednorodzinnego \u2013 349 z\u0142 brutto<\/p>\n\n\n\n<p>&#8211; \u015awiadectwo Charakterystyki Energetycznej dla lokalu u\u017cytkowego \u2013 449 z\u0142 brutto<\/p>\n","protected":false},"excerpt":{"rendered":"<p>1. Co to jest \u015awiadectwo charakterystyki Energetycznej: \u015awiadectwo charakterystyki energetycznej (\u015aCE) to dokument, kt\u00f3ry okre\u015bla efektywno\u015b\u0107 energetyczn\u0105 budynku. Zawiera informacje o zapotrzebowaniu na energi\u0119 niezb\u0119dn\u0105 do ogrzewania, ch\u0142odzenia, wentylacji, przygotowania ciep\u0142ej wody u\u017cytkowej oraz o\u015bwietlenia. Dzi\u0119ki temu dokumentowi mo\u017cna oceni\u0107, czy budynek efektywnie wykorzystuje energi\u0119 i jakie s\u0105 potencjalne koszty eksploatacji. \u015awiadectwo jest obowi\u0105zkowe m.in. [&hellip;]<\/p>\n","protected":false},"author":2,"featured_media":0,"parent":0,"menu_order":0,"comment_status":"closed","ping_status":"closed","template":"","meta":{"footnotes":""},"class_list":["post-192","page","type-page","status-publish","hentry"],"yoast_head":"<!-- This site is optimized with the Yoast SEO plugin v26.3 - https:\/\/yoast.com\/wordpress\/plugins\/seo\/ -->\n<title>\u015awiadectwa Energetyczne - ERKON Budowa dom\u00f3w<\/title>\n<meta name=\"robots\" content=\"index, follow, max-snippet:-1, max-image-preview:large, max-video-preview:-1\" \/>\n<link rel=\"canonical\" href=\"https:\/\/erkon.info.pl\/index.php\/swiadectwa-energetyczne\/\" \/>\n<meta property=\"og:locale\" content=\"pl_PL\" \/>\n<meta property=\"og:type\" content=\"article\" \/>\n<meta property=\"og:title\" content=\"\u015awiadectwa Energetyczne - ERKON Budowa dom\u00f3w\" \/>\n<meta property=\"og:description\" content=\"1. Co to jest \u015awiadectwo charakterystyki Energetycznej: \u015awiadectwo charakterystyki energetycznej (\u015aCE) to dokument, kt\u00f3ry okre\u015bla efektywno\u015b\u0107 energetyczn\u0105 budynku. Zawiera informacje o zapotrzebowaniu na energi\u0119 niezb\u0119dn\u0105 do ogrzewania, ch\u0142odzenia, wentylacji, przygotowania ciep\u0142ej wody u\u017cytkowej oraz o\u015bwietlenia. Dzi\u0119ki temu dokumentowi mo\u017cna oceni\u0107, czy budynek efektywnie wykorzystuje energi\u0119 i jakie s\u0105 potencjalne koszty eksploatacji. \u015awiadectwo jest obowi\u0105zkowe m.in. [&hellip;]\" \/>\n<meta property=\"og:url\" content=\"https:\/\/erkon.info.pl\/index.php\/swiadectwa-energetyczne\/\" \/>\n<meta property=\"og:site_name\" content=\"ERKON Budowa dom\u00f3w\" \/>\n<meta property=\"article:modified_time\" content=\"2025-07-24T17:40:26+00:00\" \/>\n<meta name=\"twitter:card\" content=\"summary_large_image\" \/>\n<meta name=\"twitter:label1\" content=\"Szacowany czas czytania\" \/>\n\t<meta name=\"twitter:data1\" content=\"2 minuty\" \/>\n<script type=\"application\/ld+json\" class=\"yoast-schema-graph\">{\"@context\":\"https:\/\/schema.org\",\"@graph\":[{\"@type\":\"WebPage\",\"@id\":\"https:\/\/erkon.info.pl\/index.php\/swiadectwa-energetyczne\/\",\"url\":\"https:\/\/erkon.info.pl\/index.php\/swiadectwa-energetyczne\/\",\"name\":\"\u015awiadectwa Energetyczne - ERKON Budowa dom\u00f3w\",\"isPartOf\":{\"@id\":\"https:\/\/erkon.info.pl\/#website\"},\"datePublished\":\"2025-07-24T17:39:03+00:00\",\"dateModified\":\"2025-07-24T17:40:26+00:00\",\"breadcrumb\":{\"@id\":\"https:\/\/erkon.info.pl\/index.php\/swiadectwa-energetyczne\/#breadcrumb\"},\"inLanguage\":\"pl-PL\",\"potentialAction\":[{\"@type\":\"ReadAction\",\"target\":[\"https:\/\/erkon.info.pl\/index.php\/swiadectwa-energetyczne\/\"]}]},{\"@type\":\"BreadcrumbList\",\"@id\":\"https:\/\/erkon.info.pl\/index.php\/swiadectwa-energetyczne\/#breadcrumb\",\"itemListElement\":[{\"@type\":\"ListItem\",\"position\":1,\"name\":\"Strona g\u0142\u00f3wna\",\"item\":\"https:\/\/erkon.info.pl\/\"},{\"@type\":\"ListItem\",\"position\":2,\"name\":\"\u015awiadectwa Energetyczne\"}]},{\"@type\":\"WebSite\",\"@id\":\"https:\/\/erkon.info.pl\/#website\",\"url\":\"https:\/\/erkon.info.pl\/\",\"name\":\"ERKON Budowa dom\u00f3w\",\"description\":\"Budujemy domy do stanu surowego zamkni\u0119tego, stanu deweloperskiego.\",\"publisher\":{\"@id\":\"https:\/\/erkon.info.pl\/#organization\"},\"potentialAction\":[{\"@type\":\"SearchAction\",\"target\":{\"@type\":\"EntryPoint\",\"urlTemplate\":\"https:\/\/erkon.info.pl\/?s={search_term_string}\"},\"query-input\":{\"@type\":\"PropertyValueSpecification\",\"valueRequired\":true,\"valueName\":\"search_term_string\"}}],\"inLanguage\":\"pl-PL\"},{\"@type\":\"Organization\",\"@id\":\"https:\/\/erkon.info.pl\/#organization\",\"name\":\"ERKON Budowa dom\u00f3w\",\"url\":\"https:\/\/erkon.info.pl\/\",\"logo\":{\"@type\":\"ImageObject\",\"inLanguage\":\"pl-PL\",\"@id\":\"https:\/\/erkon.info.pl\/#\/schema\/logo\/image\/\",\"url\":\"https:\/\/erkon.info.pl\/wp-content\/uploads\/2018\/07\/cropped-logo-1.png\",\"contentUrl\":\"https:\/\/erkon.info.pl\/wp-content\/uploads\/2018\/07\/cropped-logo-1.png\",\"width\":131,\"height\":75,\"caption\":\"ERKON Budowa dom\u00f3w\"},\"image\":{\"@id\":\"https:\/\/erkon.info.pl\/#\/schema\/logo\/image\/\"}}]}<\/script>\n<!-- \/ Yoast SEO plugin. -->","yoast_head_json":{"title":"\u015awiadectwa Energetyczne - ERKON Budowa dom\u00f3w","robots":{"index":"index","follow":"follow","max-snippet":"max-snippet:-1","max-image-preview":"max-image-preview:large","max-video-preview":"max-video-preview:-1"},"canonical":"https:\/\/erkon.info.pl\/index.php\/swiadectwa-energetyczne\/","og_locale":"pl_PL","og_type":"article","og_title":"\u015awiadectwa Energetyczne - ERKON Budowa dom\u00f3w","og_description":"1. Co to jest \u015awiadectwo charakterystyki Energetycznej: \u015awiadectwo charakterystyki energetycznej (\u015aCE) to dokument, kt\u00f3ry okre\u015bla efektywno\u015b\u0107 energetyczn\u0105 budynku. Zawiera informacje o zapotrzebowaniu na energi\u0119 niezb\u0119dn\u0105 do ogrzewania, ch\u0142odzenia, wentylacji, przygotowania ciep\u0142ej wody u\u017cytkowej oraz o\u015bwietlenia. Dzi\u0119ki temu dokumentowi mo\u017cna oceni\u0107, czy budynek efektywnie wykorzystuje energi\u0119 i jakie s\u0105 potencjalne koszty eksploatacji. \u015awiadectwo jest obowi\u0105zkowe m.in. [&hellip;]","og_url":"https:\/\/erkon.info.pl\/index.php\/swiadectwa-energetyczne\/","og_site_name":"ERKON Budowa dom\u00f3w","article_modified_time":"2025-07-24T17:40:26+00:00","twitter_card":"summary_large_image","twitter_misc":{"Szacowany czas czytania":"2 minuty"},"schema":{"@context":"https:\/\/schema.org","@graph":[{"@type":"WebPage","@id":"https:\/\/erkon.info.pl\/index.php\/swiadectwa-energetyczne\/","url":"https:\/\/erkon.info.pl\/index.php\/swiadectwa-energetyczne\/","name":"\u015awiadectwa Energetyczne - ERKON Budowa dom\u00f3w","isPartOf":{"@id":"https:\/\/erkon.info.pl\/#website"},"datePublished":"2025-07-24T17:39:03+00:00","dateModified":"2025-07-24T17:40:26+00:00","breadcrumb":{"@id":"https:\/\/erkon.info.pl\/index.php\/swiadectwa-energetyczne\/#breadcrumb"},"inLanguage":"pl-PL","potentialAction":[{"@type":"ReadAction","target":["https:\/\/erkon.info.pl\/index.php\/swiadectwa-energetyczne\/"]}]},{"@type":"BreadcrumbList","@id":"https:\/\/erkon.info.pl\/index.php\/swiadectwa-energetyczne\/#breadcrumb","itemListElement":[{"@type":"ListItem","position":1,"name":"Strona g\u0142\u00f3wna","item":"https:\/\/erkon.info.pl\/"},{"@type":"ListItem","position":2,"name":"\u015awiadectwa Energetyczne"}]},{"@type":"WebSite","@id":"https:\/\/erkon.info.pl\/#website","url":"https:\/\/erkon.info.pl\/","name":"ERKON Budowa dom\u00f3w","description":"Budujemy domy do stanu surowego zamkni\u0119tego, stanu deweloperskiego.","publisher":{"@id":"https:\/\/erkon.info.pl\/#organization"},"potentialAction":[{"@type":"SearchAction","target":{"@type":"EntryPoint","urlTemplate":"https:\/\/erkon.info.pl\/?s={search_term_string}"},"query-input":{"@type":"PropertyValueSpecification","valueRequired":true,"valueName":"search_term_string"}}],"inLanguage":"pl-PL"},{"@type":"Organization","@id":"https:\/\/erkon.info.pl\/#organization","name":"ERKON Budowa dom\u00f3w","url":"https:\/\/erkon.info.pl\/","logo":{"@type":"ImageObject","inLanguage":"pl-PL","@id":"https:\/\/erkon.info.pl\/#\/schema\/logo\/image\/","url":"https:\/\/erkon.info.pl\/wp-content\/uploads\/2018\/07\/cropped-logo-1.png","contentUrl":"https:\/\/erkon.info.pl\/wp-content\/uploads\/2018\/07\/cropped-logo-1.png","width":131,"height":75,"caption":"ERKON Budowa dom\u00f3w"},"image":{"@id":"https:\/\/erkon.info.pl\/#\/schema\/logo\/image\/"}}]}},"_links":{"self":[{"href":"https:\/\/erkon.info.pl\/index.php\/wp-json\/wp\/v2\/pages\/192","targetHints":{"allow":["GET"]}}],"collection":[{"href":"https:\/\/erkon.info.pl\/index.php\/wp-json\/wp\/v2\/pages"}],"about":[{"href":"https:\/\/erkon.info.pl\/index.php\/wp-json\/wp\/v2\/types\/page"}],"author":[{"embeddable":true,"href":"https:\/\/erkon.info.pl\/index.php\/wp-json\/wp\/v2\/users\/2"}],"replies":[{"embeddable":true,"href":"https:\/\/erkon.info.pl\/index.php\/wp-json\/wp\/v2\/comments?post=192"}],"version-history":[{"count":4,"href":"https:\/\/erkon.info.pl\/index.php\/wp-json\/wp\/v2\/pages\/192\/revisions"}],"predecessor-version":[{"id":197,"href":"https:\/\/erkon.info.pl\/index.php\/wp-json\/wp\/v2\/pages\/192\/revisions\/197"}],"wp:attachment":[{"href":"https:\/\/erkon.info.pl\/index.php\/wp-json\/wp\/v2\/media?parent=192"}],"curies":[{"name":"wp","href":"https:\/\/api.w.org\/{rel}","templated":true}]}}